{"id":541,"date":"2020-12-14T20:27:31","date_gmt":"2020-12-14T19:27:31","guid":{"rendered":"http:\/\/multipress.it\/home\/"},"modified":"2024-07-01T15:01:07","modified_gmt":"2024-07-01T13:01:07","slug":"home-541","status":"publish","type":"page","link":"https:\/\/multipress.it\/es\/","title":{"rendered":"Home"},"content":{"rendered":"","protected":false},"excerpt":{"rendered":"","protected":false},"author":1,"featured_media":1266,"parent":0,"menu_order":0,"comment_status":"closed","ping_status":"closed","template":"","meta":{"footnotes":""},"class_list":["post-541","page","type-page","status-publish","has-post-thumbnail","hentry"],"yoast_head":"<!-- This site is optimized with the Yoast SEO plugin v27.1.1 - https:\/\/yoast.com\/product\/yoast-seo-wordpress\/ -->\n<title>Home - Multipress Srl<\/title>\n<meta name=\"description\" content=\"Multipress ofrece una amplia gama de soluciones de impresi\u00f3n de alta calidad. Nuestras prensas flexogr\u00e1ficas a tambor central est\u00e1n...\" \/>\n<meta name=\"robots\" content=\"index, follow, max-snippet:-1, max-image-preview:large, max-video-preview:-1\" \/>\n<link rel=\"canonical\" href=\"https:\/\/multipress.it\/es\/\" \/>\n<meta property=\"og:locale\" content=\"es_ES\" \/>\n<meta property=\"og:type\" content=\"article\" \/>\n<meta property=\"og:title\" content=\"Home - Multipress Srl\" \/>\n<meta property=\"og:description\" content=\"Multipress ofrece una amplia gama de soluciones de impresi\u00f3n de alta calidad. Nuestras prensas flexogr\u00e1ficas a tambor central est\u00e1n...\" \/>\n<meta property=\"og:url\" content=\"https:\/\/multipress.it\/es\/\" \/>\n<meta property=\"og:site_name\" content=\"Multipress Srl\" \/>\n<meta property=\"article:modified_time\" content=\"2024-07-01T13:01:07+00:00\" \/>\n<meta property=\"og:image\" content=\"https:\/\/multipress.it\/wp-content\/uploads\/2024\/05\/Impresoras-Flexograficas.jpg\" \/>\n\t<meta property=\"og:image:width\" content=\"696\" \/>\n\t<meta property=\"og:image:height\" content=\"696\" \/>\n\t<meta property=\"og:image:type\" content=\"image\/jpeg\" \/>\n<meta name=\"twitter:card\" content=\"summary_large_image\" \/>\n<meta name=\"twitter:label1\" content=\"Tiempo de lectura\" \/>\n\t<meta name=\"twitter:data1\" content=\"1 minuto\" \/>\n<script type=\"application\/ld+json\" class=\"yoast-schema-graph\">{\"@context\":\"https:\/\/schema.org\",\"@graph\":[{\"@type\":\"WebPage\",\"@id\":\"https:\/\/multipress.it\/es\/\",\"url\":\"https:\/\/multipress.it\/es\/\",\"name\":\"Home - Multipress Srl\",\"isPartOf\":{\"@id\":\"https:\/\/multipress.it\/es\/#website\"},\"primaryImageOfPage\":{\"@id\":\"https:\/\/multipress.it\/es\/#primaryimage\"},\"image\":{\"@id\":\"https:\/\/multipress.it\/es\/#primaryimage\"},\"thumbnailUrl\":\"https:\/\/multipress.it\/wp-content\/uploads\/2024\/05\/Impresoras-Flexograficas.jpg\",\"datePublished\":\"2020-12-14T19:27:31+00:00\",\"dateModified\":\"2024-07-01T13:01:07+00:00\",\"description\":\"Multipress ofrece una amplia gama de soluciones de impresi\u00f3n de alta calidad. Nuestras prensas flexogr\u00e1ficas a tambor central est\u00e1n...\",\"breadcrumb\":{\"@id\":\"https:\/\/multipress.it\/es\/#breadcrumb\"},\"inLanguage\":\"es\",\"potentialAction\":[{\"@type\":\"ReadAction\",\"target\":[\"https:\/\/multipress.it\/es\/\"]}]},{\"@type\":\"ImageObject\",\"inLanguage\":\"es\",\"@id\":\"https:\/\/multipress.it\/es\/#primaryimage\",\"url\":\"https:\/\/multipress.it\/wp-content\/uploads\/2024\/05\/Impresoras-Flexograficas.jpg\",\"contentUrl\":\"https:\/\/multipress.it\/wp-content\/uploads\/2024\/05\/Impresoras-Flexograficas.jpg\",\"width\":696,\"height\":696,\"caption\":\"Prensas flexogr\u00e1ficas\"},{\"@type\":\"BreadcrumbList\",\"@id\":\"https:\/\/multipress.it\/es\/#breadcrumb\",\"itemListElement\":[{\"@type\":\"ListItem\",\"position\":1,\"name\":\"Home\",\"item\":\"https:\/\/multipress.it\/es\/\"},{\"@type\":\"ListItem\",\"position\":2,\"name\":\"Home\"}]},{\"@type\":\"WebSite\",\"@id\":\"https:\/\/multipress.it\/es\/#website\",\"url\":\"https:\/\/multipress.it\/es\/\",\"name\":\"Multipress Srl\",\"description\":\"Macchine Flessografiche per ogni tua esigenza di stampa\",\"publisher\":{\"@id\":\"https:\/\/multipress.it\/es\/#organization\"},\"potentialAction\":[{\"@type\":\"SearchAction\",\"target\":{\"@type\":\"EntryPoint\",\"urlTemplate\":\"https:\/\/multipress.it\/es\/?s={search_term_string}\"},\"query-input\":{\"@type\":\"PropertyValueSpecification\",\"valueRequired\":true,\"valueName\":\"search_term_string\"}}],\"inLanguage\":\"es\"},{\"@type\":\"Organization\",\"@id\":\"https:\/\/multipress.it\/es\/#organization\",\"name\":\"Multipress Srl\",\"url\":\"https:\/\/multipress.it\/es\/\",\"logo\":{\"@type\":\"ImageObject\",\"inLanguage\":\"es\",\"@id\":\"https:\/\/multipress.it\/es\/#\/schema\/logo\/image\/\",\"url\":\"https:\/\/multipress.it\/wp-content\/uploads\/2024\/05\/multipress.it_-2.jpg\",\"contentUrl\":\"https:\/\/multipress.it\/wp-content\/uploads\/2024\/05\/multipress.it_-2.jpg\",\"width\":696,\"height\":696,\"caption\":\"Multipress Srl\"},\"image\":{\"@id\":\"https:\/\/multipress.it\/es\/#\/schema\/logo\/image\/\"},\"sameAs\":[\"https:\/\/www.linkedin.com\/company\/multipress-s.r.l.\/\"]}]}<\/script>\n<!-- \/ Yoast SEO plugin. -->","yoast_head_json":{"title":"Home - Multipress Srl","description":"Multipress ofrece una amplia gama de soluciones de impresi\u00f3n de alta calidad. Nuestras prensas flexogr\u00e1ficas a tambor central est\u00e1n...","robots":{"index":"index","follow":"follow","max-snippet":"max-snippet:-1","max-image-preview":"max-image-preview:large","max-video-preview":"max-video-preview:-1"},"canonical":"https:\/\/multipress.it\/es\/","og_locale":"es_ES","og_type":"article","og_title":"Home - Multipress Srl","og_description":"Multipress ofrece una amplia gama de soluciones de impresi\u00f3n de alta calidad. Nuestras prensas flexogr\u00e1ficas a tambor central est\u00e1n...","og_url":"https:\/\/multipress.it\/es\/","og_site_name":"Multipress Srl","article_modified_time":"2024-07-01T13:01:07+00:00","og_image":[{"width":696,"height":696,"url":"https:\/\/multipress.it\/wp-content\/uploads\/2024\/05\/Impresoras-Flexograficas.jpg","type":"image\/jpeg"}],"twitter_card":"summary_large_image","twitter_misc":{"Tiempo de lectura":"1 minuto"},"schema":{"@context":"https:\/\/schema.org","@graph":[{"@type":"WebPage","@id":"https:\/\/multipress.it\/es\/","url":"https:\/\/multipress.it\/es\/","name":"Home - Multipress Srl","isPartOf":{"@id":"https:\/\/multipress.it\/es\/#website"},"primaryImageOfPage":{"@id":"https:\/\/multipress.it\/es\/#primaryimage"},"image":{"@id":"https:\/\/multipress.it\/es\/#primaryimage"},"thumbnailUrl":"https:\/\/multipress.it\/wp-content\/uploads\/2024\/05\/Impresoras-Flexograficas.jpg","datePublished":"2020-12-14T19:27:31+00:00","dateModified":"2024-07-01T13:01:07+00:00","description":"Multipress ofrece una amplia gama de soluciones de impresi\u00f3n de alta calidad. Nuestras prensas flexogr\u00e1ficas a tambor central est\u00e1n...","breadcrumb":{"@id":"https:\/\/multipress.it\/es\/#breadcrumb"},"inLanguage":"es","potentialAction":[{"@type":"ReadAction","target":["https:\/\/multipress.it\/es\/"]}]},{"@type":"ImageObject","inLanguage":"es","@id":"https:\/\/multipress.it\/es\/#primaryimage","url":"https:\/\/multipress.it\/wp-content\/uploads\/2024\/05\/Impresoras-Flexograficas.jpg","contentUrl":"https:\/\/multipress.it\/wp-content\/uploads\/2024\/05\/Impresoras-Flexograficas.jpg","width":696,"height":696,"caption":"Prensas flexogr\u00e1ficas"},{"@type":"BreadcrumbList","@id":"https:\/\/multipress.it\/es\/#breadcrumb","itemListElement":[{"@type":"ListItem","position":1,"name":"Home","item":"https:\/\/multipress.it\/es\/"},{"@type":"ListItem","position":2,"name":"Home"}]},{"@type":"WebSite","@id":"https:\/\/multipress.it\/es\/#website","url":"https:\/\/multipress.it\/es\/","name":"Multipress Srl","description":"Macchine Flessografiche per ogni tua esigenza di stampa","publisher":{"@id":"https:\/\/multipress.it\/es\/#organization"},"potentialAction":[{"@type":"SearchAction","target":{"@type":"EntryPoint","urlTemplate":"https:\/\/multipress.it\/es\/?s={search_term_string}"},"query-input":{"@type":"PropertyValueSpecification","valueRequired":true,"valueName":"search_term_string"}}],"inLanguage":"es"},{"@type":"Organization","@id":"https:\/\/multipress.it\/es\/#organization","name":"Multipress Srl","url":"https:\/\/multipress.it\/es\/","logo":{"@type":"ImageObject","inLanguage":"es","@id":"https:\/\/multipress.it\/es\/#\/schema\/logo\/image\/","url":"https:\/\/multipress.it\/wp-content\/uploads\/2024\/05\/multipress.it_-2.jpg","contentUrl":"https:\/\/multipress.it\/wp-content\/uploads\/2024\/05\/multipress.it_-2.jpg","width":696,"height":696,"caption":"Multipress Srl"},"image":{"@id":"https:\/\/multipress.it\/es\/#\/schema\/logo\/image\/"},"sameAs":["https:\/\/www.linkedin.com\/company\/multipress-s.r.l.\/"]}]}},"_links":{"self":[{"href":"https:\/\/multipress.it\/es\/wp-json\/wp\/v2\/pages\/541","targetHints":{"allow":["GET"]}}],"collection":[{"href":"https:\/\/multipress.it\/es\/wp-json\/wp\/v2\/pages"}],"about":[{"href":"https:\/\/multipress.it\/es\/wp-json\/wp\/v2\/types\/page"}],"author":[{"embeddable":true,"href":"https:\/\/multipress.it\/es\/wp-json\/wp\/v2\/users\/1"}],"replies":[{"embeddable":true,"href":"https:\/\/multipress.it\/es\/wp-json\/wp\/v2\/comments?post=541"}],"version-history":[{"count":1,"href":"https:\/\/multipress.it\/es\/wp-json\/wp\/v2\/pages\/541\/revisions"}],"predecessor-version":[{"id":542,"href":"https:\/\/multipress.it\/es\/wp-json\/wp\/v2\/pages\/541\/revisions\/542"}],"wp:featuredmedia":[{"embeddable":true,"href":"https:\/\/multipress.it\/es\/wp-json\/wp\/v2\/media\/1266"}],"wp:attachment":[{"href":"https:\/\/multipress.it\/es\/wp-json\/wp\/v2\/media?parent=541"}],"curies":[{"name":"wp","href":"https:\/\/api.w.org\/{rel}","templated":true}]}}